{"id":149,"date":"2020-02-18T16:12:34","date_gmt":"2020-02-18T15:12:34","guid":{"rendered":"http:\/\/510578669.swh.strato-hosting.eu\/?page_id=149"},"modified":"2020-09-03T15:41:04","modified_gmt":"2020-09-03T13:41:04","slug":"leitbild","status":"publish","type":"page","link":"https:\/\/staufenbergschule.de\/index.php\/leitbild\/","title":{"rendered":"Leitbild"},"content":{"rendered":"\n<figure class=\"wp-block-video\"><video controls src=\"http:\/\/510578669.swh.strato-hosting.eu\/wp-content\/uploads\/2020\/02\/Leistung-Respekt-Verantwortung-klein.mp4\"><\/video><\/figure>\n\n\n\n<h2 class=\"wp-block-heading\">Leistung<\/h2>\n\n\n\n<p> Die Lehrer der Staufenbergschule verstehen unter Leistung Durchhalteverm\u00f6gen und die Bereitschaft, Zeit und Energie aufzuwenden und sich anzustrengen.<\/p>\n\n\n\n<p>Leistung ist individuell und kann zu verschiedenen Ergebnissen f\u00fchren, wie es auch im Bildungsplan gefordert wird.<\/p>\n\n\n\n<p>Lehrer, Sch\u00fcler und Eltern der Staufenbergschule sollten sich daher in einem steten Austausch befinden, wie Leistungsmessung gerecht vollzogen werden kann. <\/p>\n\n\n\n<h2 class=\"wp-block-heading\">Respekt<\/h2>\n\n\n\n<p> Alle Mitglieder der Schulgemeinschaft gehen respektvoll miteinander um, das bedeutet: H\u00f6flichkeit kann nicht nur in der Wortwahl, sondern auch im Verhalten und im Umgangston gepflegt werden. Wir m\u00f6chten uns mit Einf\u00fchlungsverm\u00f6gen und Empathie begegnen und R\u00fccksichtnahme \u00fcben.<\/p>\n\n\n\n<p>Offenheit und Toleranz auch gegen\u00fcber anderen Kulturen ist uns eine Selbstverst\u00e4ndlichkeit. Wir begegnen uns mit Wertsch\u00e4tzung und gegenseitiger Akzeptanz. Autorit\u00e4ten und Hierarchien werden anerkannt.<\/p>\n\n\n\n<p>Wir \u00fcben Verbindlichkeit im Schulalltag und verhalten uns so, wie wir von anderen behandelt werden m\u00f6chten. Das ist Voraussetzung f\u00fcr ein gutes Schulklima. <\/p>\n\n\n\n<h2 class=\"wp-block-heading\"><strong>Verantwortung<\/strong><\/h2>\n\n\n\n<p> Voraussetzung dazu sind \u00e4hnliche Wertvorstellungen und Kompetenzen zur Selbst- und Fremdwahrnehmung. Wir m\u00f6chten Verantwortung f\u00fcr unsere Entwicklung, Lernprozesse, das Schulklima und die Schule im Ganzen \u00fcbernehmen. Um dies zu erreichen, bem\u00fchen wir uns um Weiterentwicklung unserer Pers\u00f6nlichkeit und Reife. <\/p>\n","protected":false},"excerpt":{"rendered":"<p>Leistung Die Lehrer der Staufenbergschule verstehen unter Leistung Durchhalteverm\u00f6gen und die Bereitschaft, Zeit und Energie aufzuwenden und sich anzustrengen. Leistung ist individuell und kann zu verschiedenen Ergebnissen f\u00fchren, wie es [&hellip;]<\/p>\n","protected":false},"author":1,"featured_media":0,"parent":0,"menu_order":0,"comment_status":"closed","ping_status":"closed","template":"template-fullwidth.php","meta":{"_acf_changed":false,"footnotes":""},"class_list":["post-149","page","type-page","status-publish","hentry","post-preview"],"acf":[],"_links":{"self":[{"href":"https:\/\/staufenbergschule.de\/index.php\/wp-json\/wp\/v2\/pages\/149","targetHints":{"allow":["GET"]}}],"collection":[{"href":"https:\/\/staufenbergschule.de\/index.php\/wp-json\/wp\/v2\/pages"}],"about":[{"href":"https:\/\/staufenbergschule.de\/index.php\/wp-json\/wp\/v2\/types\/page"}],"author":[{"embeddable":true,"href":"https:\/\/staufenbergschule.de\/index.php\/wp-json\/wp\/v2\/users\/1"}],"replies":[{"embeddable":true,"href":"https:\/\/staufenbergschule.de\/index.php\/wp-json\/wp\/v2\/comments?post=149"}],"version-history":[{"count":21,"href":"https:\/\/staufenbergschule.de\/index.php\/wp-json\/wp\/v2\/pages\/149\/revisions"}],"predecessor-version":[{"id":845,"href":"https:\/\/staufenbergschule.de\/index.php\/wp-json\/wp\/v2\/pages\/149\/revisions\/845"}],"wp:attachment":[{"href":"https:\/\/staufenbergschule.de\/index.php\/wp-json\/wp\/v2\/media?parent=149"}],"curies":[{"name":"wp","href":"https:\/\/api.w.org\/{rel}","templated":true}]}}