{"id":16,"date":"2020-01-04T08:53:09","date_gmt":"2020-01-04T07:53:09","guid":{"rendered":"http:\/\/510578669.swh.strato-hosting.eu\/?page_id=16"},"modified":"2022-10-24T09:24:25","modified_gmt":"2022-10-24T07:24:25","slug":"impressum","status":"publish","type":"page","link":"https:\/\/staufenbergschule.de\/index.php\/impressum\/","title":{"rendered":"Impressum"},"content":{"rendered":"\n<p>Staufenberg Grundschule<\/p>\n\n\n\n<p>Staufenbergstra\u00dfe 91<\/p>\n\n\n\n<p>74081 Heilbronn<\/p>\n\n\n\n<p>Telefon:\n07131&nbsp; \/&nbsp; 203490<br>\nFax: 07131&nbsp; \/ &nbsp;2034929<\/p>\n\n\n\n<p>E-Mail:\u00a0stb.sekretariat@gs-staufenberg.de oder martina.reichert@gs-staufenberg.de<br> Internet: <a href=\"http:\/\/www.staufenbergschule.de\/\">www.staufenbergschule.de<\/a><\/p>\n\n\n\n<p>\u200bSchulleitung: Martina&nbsp; Reichert&nbsp;&nbsp;&nbsp; &nbsp;&nbsp;&nbsp; <\/p>\n\n\n\n<p>stellvertr. Schulleitung: Petra Stadel<\/p>\n\n\n\n<p><br>\nDie Staufenbergschule ist\neine \u00f6ffentliche Einrichtung des Landes Baden-W\u00fcrttemberg.<br>\nSie wird vertreten durch die Schulleitung.<\/p>\n\n\n\n<p>Inhaltlich Verantwortliche\/r gem\u00e4\u00df \u00a7 55 RStV:&nbsp;<br> Martina Reichert, Petra Stadel, Christopher Schweyda<\/p>\n\n\n\n<p><strong>Urheberrecht<br>\n<\/strong><br>\nTexte, Bilder, Grafiken und Fotos sowie die Gestaltung dieser Internetseiten\nunterliegen dem Urheberrecht. Sie d\u00fcrfen von Ihnen nur zum privaten und\nsonstigen eigenen Gebrauch im Rahmen des \u00a7 53 Urheberrechtsgesetz (UrhG) ohne\njede \u00c4nderung vervielf\u00e4ltigt werden. Eine Verbreitung von Kopien (analog oder\ndigital) oder Ausz\u00fcgen ist nur mit schriftlicher Genehmigung zul\u00e4ssig. Der\nNachdruck und die Auswertung von Pressemitteilungen und Reden sind mit\nQuellenangabe gestattet.<br>\nTexte, Bilder, Grafiken und sonstige Materialien k\u00f6nnen ganz oder teilweise dem\nUrheberrecht Dritter unterliegen. Die Inhalte Dritter sind als solche kenntlich\ngemacht und d\u00fcrfen ohne Einwilligung des Rechteinhabers nicht vervielf\u00e4ltigt,\n\u00f6ffentlich zu-g\u00e4nglich gemacht oder \u00f6ffentlich wiedergegeben werden.<\/p>\n\n\n\n<p>\u200b<\/p>\n\n\n\n<p><strong>\u200b<\/strong><strong>Haftung f\u00fcr Inhalte<\/strong><\/p>\n\n\n\n<p>Die\nInformationen, die Sie auf diesem Internetauftritt vorfinden, wurden nach\nbestem Wissen und Gewissen sorgf\u00e4ltig zusammengestellt und gepr\u00fcft. F\u00fcr die\nRichtigkeit, Vollst\u00e4ndigkeit, Aktualit\u00e4t oder Qualit\u00e4t und jederzeitige\nVerf\u00fcgbarkeit der bereit gestellten Informationen wird jedoch keine Gew\u00e4hr\n\u00fcbernommen.<br>\nDiensteanbieter sind gem\u00e4\u00df \u00a7 7 Abs. 1 TMG f\u00fcr eigene Inhalte auf diesen Seiten\nnach den allgemeinen Gesetzen verantwortlich. Diensteanbieter sind jedoch nicht\nverpflichtet, \u00fcbermittelte oder gespeicherte fremde Informationen zu \u00fcberwachen\noder nach Umst\u00e4nden zu forschen, die auf eine rechtswidrige T\u00e4tigkeit\nhinweisen. Verpflichtungen zur Entfernung oder Sperrung der Nutzung von\nInformationen nach den allgemeinen Gesetzen bleiben hiervon unber\u00fchrt.<br>\nEine diesbez\u00fcgliche Haftung ist erst ab dem Zeitpunkt der Kenntniserlangung\neiner konkreten Rechtsverletzung m\u00f6glich.<br>\nEine Haftung f\u00fcr Sch\u00e4den, die aus der Nutzung oder Nichtnutzung dieses\nInternetangebots entstehen, wird &#8211; soweit gesetzlich zul\u00e4ssig &#8211; ausgeschlossen.<\/p>\n\n\n\n<p>Dieser\nInternetauftritt enth\u00e4lt auch Links oder Verweise auf Internetauftritte\nDritter. Diese Links zu den Internetauftritten Dritter stellen keine Zustimmung\nzu deren Inhalten durch den Herausgeber dar.<br>\nF\u00fcr die Inhalte der externen Links sind die jeweiligen Anbieter oder Betreiber\n(Urheber) der Seiten verantwortlich. Mit den Links zu anderen\nInternetauftritten wird den Nutzern lediglich der Zugang zur Nutzung der\nInhalte vermittelt.<br>\nDie externen Links wurden zum Zeitpunkt der Linksetzung nach bestem Wissen und\nGewissen auf eventuelle Rechtsverst\u00f6\u00dfe \u00fcberpr\u00fcft. Eine st\u00e4ndige inhaltliche\n\u00dcberpr\u00fcfung der externen Links ist ohne konkrete Anhaltspunkte einer\nRechtsverletzung nicht m\u00f6glich. Bei Verlinkungen auf die Webseiten Dritter, die\nau\u00dferhalb des Verantwortungsbereichs des Herausgebers liegen, w\u00fcrde eine\nHaftungsverpflichtung nur bestehen, wenn der Herausgeber von den rechtswidrigen\nInhalten Kenntnis erlangen und es technisch m\u00f6glich und zumutbar w\u00e4re, die Nutzung\ndieser Inhalte zu verhindern. <\/p>\n","protected":false},"excerpt":{"rendered":"<p>Staufenberg Grundschule Staufenbergstra\u00dfe 91 74081 Heilbronn Telefon: 07131&nbsp; \/&nbsp; 203490 Fax: 07131&nbsp; \/ &nbsp;2034929 E-Mail:\u00a0stb.sekretariat@gs-staufenberg.de oder martina.reichert@gs-staufenberg.de Internet: www.staufenbergschule.de \u200bSchulleitung: Martina&nbsp; Reichert&nbsp;&nbsp;&nbsp; &nbsp;&nbsp;&nbsp; stellvertr. Schulleitung: Petra Stadel Die Staufenbergschule ist [&hellip;]<\/p>\n","protected":false},"author":1,"featured_media":0,"parent":0,"menu_order":0,"comment_status":"closed","ping_status":"closed","template":"template-fullwidth.php","meta":{"_acf_changed":false,"footnotes":""},"class_list":["post-16","page","type-page","status-publish","hentry","post-preview"],"acf":[],"_links":{"self":[{"href":"https:\/\/staufenbergschule.de\/index.php\/wp-json\/wp\/v2\/pages\/16","targetHints":{"allow":["GET"]}}],"collection":[{"href":"https:\/\/staufenbergschule.de\/index.php\/wp-json\/wp\/v2\/pages"}],"about":[{"href":"https:\/\/staufenbergschule.de\/index.php\/wp-json\/wp\/v2\/types\/page"}],"author":[{"embeddable":true,"href":"https:\/\/staufenbergschule.de\/index.php\/wp-json\/wp\/v2\/users\/1"}],"replies":[{"embeddable":true,"href":"https:\/\/staufenbergschule.de\/index.php\/wp-json\/wp\/v2\/comments?post=16"}],"version-history":[{"count":6,"href":"https:\/\/staufenbergschule.de\/index.php\/wp-json\/wp\/v2\/pages\/16\/revisions"}],"predecessor-version":[{"id":1743,"href":"https:\/\/staufenbergschule.de\/index.php\/wp-json\/wp\/v2\/pages\/16\/revisions\/1743"}],"wp:attachment":[{"href":"https:\/\/staufenbergschule.de\/index.php\/wp-json\/wp\/v2\/media?parent=16"}],"curies":[{"name":"wp","href":"https:\/\/api.w.org\/{rel}","templated":true}]}}