{"id":173,"date":"2020-02-18T16:36:03","date_gmt":"2020-02-18T15:36:03","guid":{"rendered":"http:\/\/510578669.swh.strato-hosting.eu\/?page_id=173"},"modified":"2023-10-14T12:23:48","modified_gmt":"2023-10-14T10:23:48","slug":"schulsozialarbeit","status":"publish","type":"page","link":"https:\/\/staufenbergschule.de\/index.php\/schulsozialarbeit\/","title":{"rendered":"Schulsozialarbeit"},"content":{"rendered":"\n<p><strong>Liebe Sch\u00fcler\/Innen, liebe Eltern,\nliebe Lehrer\/Innen der Staufenbergschule in Heilbronn, <\/strong><\/p>\n\n\n\n<p>die Schulsozialarbeit stellt sich vor: <\/p>\n\n\n\n<div class=\"wp-block-media-text alignwide\" style=\"grid-template-columns:24% auto\"><figure class=\"wp-block-media-text__media\"><img loading=\"lazy\" decoding=\"async\" width=\"811\" height=\"1024\" src=\"https:\/\/staufenbergschule.de\/wp-content\/uploads\/2021\/01\/Eveline-Gross-bearbeitet-811x1024.jpg\" alt=\"\" class=\"wp-image-1129\" srcset=\"https:\/\/staufenbergschule.de\/wp-content\/uploads\/2021\/01\/Eveline-Gross-bearbeitet-811x1024.jpg 811w, https:\/\/staufenbergschule.de\/wp-content\/uploads\/2021\/01\/Eveline-Gross-bearbeitet-238x300.jpg 238w, https:\/\/staufenbergschule.de\/wp-content\/uploads\/2021\/01\/Eveline-Gross-bearbeitet-768x970.jpg 768w, https:\/\/staufenbergschule.de\/wp-content\/uploads\/2021\/01\/Eveline-Gross-bearbeitet-1217x1536.jpg 1217w, https:\/\/staufenbergschule.de\/wp-content\/uploads\/2021\/01\/Eveline-Gross-bearbeitet-1622x2048.jpg 1622w, https:\/\/staufenbergschule.de\/wp-content\/uploads\/2021\/01\/Eveline-Gross-bearbeitet-676x853.jpg 676w, https:\/\/staufenbergschule.de\/wp-content\/uploads\/2021\/01\/Eveline-Gross-bearbeitet.jpg 1696w\" sizes=\"auto, (max-width: 811px) 100vw, 811px\" \/><\/figure><div class=\"wp-block-media-text__content\">\n<p class=\"has-large-font-size\">Eveline Gross<\/p>\n\n\n\n<p>Diplom-Sozialp\u00e4dagogin<\/p>\n<\/div><\/div>\n\n\n\n<p>Die\nSchulsozialarbeit ist eine Beratungsstelle in der Schule f\u00fcr Sch\u00fclerInnen,\nEltern und&nbsp; Lehrerinnen.<\/p>\n\n\n\n<p>Sch\u00fclerInnen\nk\u00f6nnen sich an uns wenden<\/p>\n\n\n\n<ul class=\"wp-block-list\"><li>bei Schwierigkeiten in der Schule <\/li><li>bei Problemen in der Familie, mit Freunden, mit\nsich selbst<\/li><li>um einfach mal \u201ezu quatschen\u201c<\/li><\/ul>\n\n\n\n<p>Sie als\nEltern k\u00f6nnen wir unterst\u00fctzen<\/p>\n\n\n\n<ul class=\"wp-block-list\"><li>bei Fragen zur Erziehung<\/li><li>bei der Vermittlung in andere Beratungsstellen<\/li><li>bei Problemen des Kindes in der Schule\/ Klasse <\/li><\/ul>\n\n\n\n<p>Auch f\u00fcr\nLehrerInnen sind wir AnsprechpartnerInnen<\/p>\n\n\n\n<ul class=\"wp-block-list\"><li>bei der Durchf\u00fchrung sozialer Kompetenztrainings<\/li><li>bei Sorgen um eine(n) Sch\u00fclerIn<\/li><\/ul>\n\n\n\n<p>Zu folgenden\nZeiten sind wir in der Schule:<\/p>\n\n\n\n<p><strong>Montag und Donnerstag:&nbsp; 8 bis 16 Uhr <\/strong><\/p>\n\n\n\n<p><strong>Dienstag, Mittwoch und Freitag:&nbsp; 8 bis 12 Uhr<\/strong><\/p>\n\n\n\n<p>oder nach Vereinbarung im B\u00fcro der Schulsozialarbeit. <\/p>\n\n\n\n<p><strong>Die Schulsozialarbeit ist auch in den Zeiten der Notbetreuung f\u00fcr Sie da!<\/strong><\/p>\n\n\n\n<p>Erreichen\nSie uns nicht im B\u00fcro? Schreiben Sie uns eine E-Mail oder hinterlassen uns eine\nNachricht auf dem Anrufbeantworter und wir melden uns schnellst m\u00f6glich bei\nIhnen. <\/p>\n\n\n\n<p>Wir freuen uns, Euch\/Sie kennenzulernen.<\/p>\n\n\n\n<p><\/p>\n\n\n\n<p><strong>KONTAKT<\/strong><\/p>\n\n\n\n<p><strong>Telefon: 07131 \u2013 20 34 917<\/strong><\/p>\n\n\n\n<p><strong>Email: eveline.gross@gs-staufenberg.de<\/strong><\/p>\n","protected":false},"excerpt":{"rendered":"<p>Liebe Sch\u00fcler\/Innen, liebe Eltern, liebe Lehrer\/Innen der Staufenbergschule in Heilbronn, die Schulsozialarbeit stellt sich vor: Eveline Gross Diplom-Sozialp\u00e4dagogin Die Schulsozialarbeit ist eine Beratungsstelle in der Schule f\u00fcr Sch\u00fclerInnen, Eltern und&nbsp; [&hellip;]<\/p>\n","protected":false},"author":2,"featured_media":0,"parent":0,"menu_order":0,"comment_status":"closed","ping_status":"closed","template":"template-fullwidth.php","meta":{"_acf_changed":false,"footnotes":""},"class_list":["post-173","page","type-page","status-publish","hentry","post-preview"],"acf":[],"_links":{"self":[{"href":"https:\/\/staufenbergschule.de\/index.php\/wp-json\/wp\/v2\/pages\/173","targetHints":{"allow":["GET"]}}],"collection":[{"href":"https:\/\/staufenbergschule.de\/index.php\/wp-json\/wp\/v2\/pages"}],"about":[{"href":"https:\/\/staufenbergschule.de\/index.php\/wp-json\/wp\/v2\/types\/page"}],"author":[{"embeddable":true,"href":"https:\/\/staufenbergschule.de\/index.php\/wp-json\/wp\/v2\/users\/2"}],"replies":[{"embeddable":true,"href":"https:\/\/staufenbergschule.de\/index.php\/wp-json\/wp\/v2\/comments?post=173"}],"version-history":[{"count":19,"href":"https:\/\/staufenbergschule.de\/index.php\/wp-json\/wp\/v2\/pages\/173\/revisions"}],"predecessor-version":[{"id":2177,"href":"https:\/\/staufenbergschule.de\/index.php\/wp-json\/wp\/v2\/pages\/173\/revisions\/2177"}],"wp:attachment":[{"href":"https:\/\/staufenbergschule.de\/index.php\/wp-json\/wp\/v2\/media?parent=173"}],"curies":[{"name":"wp","href":"https:\/\/api.w.org\/{rel}","templated":true}]}}