{"id":248,"date":"2020-02-24T12:02:28","date_gmt":"2020-02-24T11:02:28","guid":{"rendered":"http:\/\/510578669.swh.strato-hosting.eu\/?page_id=248"},"modified":"2024-07-30T18:44:13","modified_gmt":"2024-07-30T16:44:13","slug":"schulpsychologe","status":"publish","type":"page","link":"https:\/\/staufenbergschule.de\/index.php\/schulpsychologe\/","title":{"rendered":"Sprechstunde an der Schule"},"content":{"rendered":"\n<div class=\"wp-block-media-text alignwide\" style=\"grid-template-columns:26% auto\"><figure class=\"wp-block-media-text__media\"><img loading=\"lazy\" decoding=\"async\" width=\"300\" height=\"400\" src=\"https:\/\/staufenbergschule.de\/wp-content\/uploads\/2020\/09\/daniel-ripke.jpg\" alt=\"\" class=\"wp-image-899\" srcset=\"https:\/\/staufenbergschule.de\/wp-content\/uploads\/2020\/09\/daniel-ripke.jpg 300w, https:\/\/staufenbergschule.de\/wp-content\/uploads\/2020\/09\/daniel-ripke-225x300.jpg 225w\" sizes=\"auto, (max-width: 300px) 100vw, 300px\" \/><\/figure><div class=\"wp-block-media-text__content\">\n<p class=\"has-large-font-size\">Herr Daniel Ripke<\/p>\n\n\n\n<p class=\"has-large-font-size\">Diplom-Psychologe der Beratungsstelle der Diakonie Heilbronn<\/p>\n<\/div><\/div>\n\n\n\n<p>Seit einigen Jahren gibt es das Angebot der \u201epsychologischen Sprechstunde\u201c an verschiedenen Schulen. In diesem Rahmen ist Hr. Ripke seit 2018 an der Staufenbergschule in Kooperation mit der Schulsozialarbeiterin, Fr. Gross, t\u00e4tig. Die Idee dabei ist, Kindern, Eltern oder Lehrern bei Fragen rund um die Erziehung, das Lernen und Verhalten von Kindern sowie ihrer psychosozialen Entwicklung vor Ort zu helfen. Es kann dabei um sehr unterschiedliche Themen gehen. Manchmal stellt sich auch heraus, dass hinter einem Problem etwas ganz anderes steckt, als man anfangs vermutet. Eine gute Kooperation zwischen den Beteiligten ist dann f\u00fcr das Abstimmen von Ma\u00dfnahmen und Angeboten oft hilfreich. Es ist aber auch m\u00f6glich, sich ganz vertraulich beraten zu lassen. Und: Dieses Angebot ist freiwillig und kostenlos! <\/p>\n\n\n\n<p class=\"has-large-font-size\"><strong>Kontakt<\/strong><\/p>\n\n\n\n<p>Telefon (\u00fcber die Beratungsstelle):  07131-964420 <\/p>\n\n\n\n<p>E-Mail: daniel.ripke@diakonie-heilbronn.de<\/p>\n\n\n\n<p>Erreichbarkeit an der Schule: dienstags und donnerstags (auch andere Tage per Vereinbarung m\u00f6glich)<\/p>\n","protected":false},"excerpt":{"rendered":"<p>Herr Daniel Ripke Diplom-Psychologe der Beratungsstelle der Diakonie Heilbronn Seit einigen Jahren gibt es das Angebot der \u201epsychologischen Sprechstunde\u201c an verschiedenen Schulen. In diesem Rahmen ist Hr. Ripke seit 2018 [&hellip;]<\/p>\n","protected":false},"author":3,"featured_media":0,"parent":0,"menu_order":0,"comment_status":"closed","ping_status":"closed","template":"template-fullwidth.php","meta":{"_acf_changed":false,"footnotes":""},"class_list":["post-248","page","type-page","status-publish","hentry","post-preview"],"acf":[],"_links":{"self":[{"href":"https:\/\/staufenbergschule.de\/index.php\/wp-json\/wp\/v2\/pages\/248","targetHints":{"allow":["GET"]}}],"collection":[{"href":"https:\/\/staufenbergschule.de\/index.php\/wp-json\/wp\/v2\/pages"}],"about":[{"href":"https:\/\/staufenbergschule.de\/index.php\/wp-json\/wp\/v2\/types\/page"}],"author":[{"embeddable":true,"href":"https:\/\/staufenbergschule.de\/index.php\/wp-json\/wp\/v2\/users\/3"}],"replies":[{"embeddable":true,"href":"https:\/\/staufenbergschule.de\/index.php\/wp-json\/wp\/v2\/comments?post=248"}],"version-history":[{"count":12,"href":"https:\/\/staufenbergschule.de\/index.php\/wp-json\/wp\/v2\/pages\/248\/revisions"}],"predecessor-version":[{"id":2454,"href":"https:\/\/staufenbergschule.de\/index.php\/wp-json\/wp\/v2\/pages\/248\/revisions\/2454"}],"wp:attachment":[{"href":"https:\/\/staufenbergschule.de\/index.php\/wp-json\/wp\/v2\/media?parent=248"}],"curies":[{"name":"wp","href":"https:\/\/api.w.org\/{rel}","templated":true}]}}