{"id":257,"date":"2020-02-24T12:39:29","date_gmt":"2020-02-24T11:39:29","guid":{"rendered":"http:\/\/510578669.swh.strato-hosting.eu\/?page_id=257"},"modified":"2021-09-04T08:48:23","modified_gmt":"2021-09-04T06:48:23","slug":"ganztagesschule","status":"publish","type":"page","link":"https:\/\/staufenbergschule.de\/index.php\/ganztagesschule\/","title":{"rendered":"Ganztagskonzept"},"content":{"rendered":"\n<p class=\"has-large-font-size\">Gemeinsam mit den p\u00e4dagogischen Fachkr\u00e4ften von belijha, dem unerm\u00fcdlichen Einsatz von Ehrenamtlichen und unseren au\u00dferschulischen Partnern  bieten wir einen strukturierten und rhythmisierten Schulalltag mit erweiterten Lernzeiten, einer ver\u00e4nderten Lernkultur und vielf\u00e4ltigen Angeboten an.<\/p>\n","protected":false},"excerpt":{"rendered":"<p>Gemeinsam mit den p\u00e4dagogischen Fachkr\u00e4ften von belijha, dem unerm\u00fcdlichen Einsatz von Ehrenamtlichen und unseren au\u00dferschulischen Partnern bieten wir einen strukturierten und rhythmisierten Schulalltag mit erweiterten Lernzeiten, einer ver\u00e4nderten Lernkultur und [&hellip;]<\/p>\n","protected":false},"author":3,"featured_media":0,"parent":0,"menu_order":0,"comment_status":"closed","ping_status":"closed","template":"template-fullwidth.php","meta":{"_acf_changed":false,"footnotes":""},"class_list":["post-257","page","type-page","status-publish","hentry","post-preview"],"acf":[],"_links":{"self":[{"href":"https:\/\/staufenbergschule.de\/index.php\/wp-json\/wp\/v2\/pages\/257","targetHints":{"allow":["GET"]}}],"collection":[{"href":"https:\/\/staufenbergschule.de\/index.php\/wp-json\/wp\/v2\/pages"}],"about":[{"href":"https:\/\/staufenbergschule.de\/index.php\/wp-json\/wp\/v2\/types\/page"}],"author":[{"embeddable":true,"href":"https:\/\/staufenbergschule.de\/index.php\/wp-json\/wp\/v2\/users\/3"}],"replies":[{"embeddable":true,"href":"https:\/\/staufenbergschule.de\/index.php\/wp-json\/wp\/v2\/comments?post=257"}],"version-history":[{"count":9,"href":"https:\/\/staufenbergschule.de\/index.php\/wp-json\/wp\/v2\/pages\/257\/revisions"}],"predecessor-version":[{"id":1364,"href":"https:\/\/staufenbergschule.de\/index.php\/wp-json\/wp\/v2\/pages\/257\/revisions\/1364"}],"wp:attachment":[{"href":"https:\/\/staufenbergschule.de\/index.php\/wp-json\/wp\/v2\/media?parent=257"}],"curies":[{"name":"wp","href":"https:\/\/api.w.org\/{rel}","templated":true}]}}