{"id":280,"date":"2020-02-25T15:54:20","date_gmt":"2020-02-25T14:54:20","guid":{"rendered":"http:\/\/510578669.swh.strato-hosting.eu\/?page_id=280"},"modified":"2025-01-07T18:17:00","modified_gmt":"2025-01-07T17:17:00","slug":"kooperationspartner","status":"publish","type":"page","link":"https:\/\/staufenbergschule.de\/index.php\/kooperationspartner\/","title":{"rendered":"Au\u00dferschulische Partner"},"content":{"rendered":"\n<div class=\"wp-block-media-text alignwide\" style=\"grid-template-columns:35% auto\"><figure class=\"wp-block-media-text__media\"><img loading=\"lazy\" decoding=\"async\" width=\"1024\" height=\"575\" src=\"https:\/\/staufenbergschule.de\/wp-content\/uploads\/2023\/06\/Logo_brotzeit_mClaim_x1cm_RGB-1024x575.jpg\" alt=\"\" class=\"wp-image-2024\" srcset=\"https:\/\/staufenbergschule.de\/wp-content\/uploads\/2023\/06\/Logo_brotzeit_mClaim_x1cm_RGB-1024x575.jpg 1024w, https:\/\/staufenbergschule.de\/wp-content\/uploads\/2023\/06\/Logo_brotzeit_mClaim_x1cm_RGB-300x169.jpg 300w, https:\/\/staufenbergschule.de\/wp-content\/uploads\/2023\/06\/Logo_brotzeit_mClaim_x1cm_RGB-768x432.jpg 768w, https:\/\/staufenbergschule.de\/wp-content\/uploads\/2023\/06\/Logo_brotzeit_mClaim_x1cm_RGB-1536x863.jpg 1536w, https:\/\/staufenbergschule.de\/wp-content\/uploads\/2023\/06\/Logo_brotzeit_mClaim_x1cm_RGB-676x380.jpg 676w, https:\/\/staufenbergschule.de\/wp-content\/uploads\/2023\/06\/Logo_brotzeit_mClaim_x1cm_RGB.jpg 1678w\" sizes=\"auto, (max-width: 1024px) 100vw, 1024px\" \/><\/figure><div class=\"wp-block-media-text__content\">\n<p class=\"has-small-font-size\">Der Verein <strong>brotZeit<\/strong> bietet unseren Kindern t\u00e4glich vor Unterrichtsbeginn in der Zeit von 7.00 \u2013 7.45 Uhr ein kostenloses reichhaltiges Fr\u00fchst\u00fcck. Aktive Senioren richten ein ausgewogenes Buffet mit Milch, M\u00fcsli, Obst, Wurst, K\u00e4se und Marmelade und versorgen alle Kinder zus\u00e4tzlich mit Herzensw\u00e4rme und Humor.  <\/p>\n<\/div><\/div>\n\n\n\n<figure class=\"wp-block-gallery columns-3 is-cropped wp-block-gallery-1 is-layout-flex wp-block-gallery-is-layout-flex\"><ul class=\"blocks-gallery-grid\"><li class=\"blocks-gallery-item\"><figure><img loading=\"lazy\" decoding=\"async\" width=\"673\" height=\"450\" src=\"http:\/\/510578669.swh.strato-hosting.eu\/wp-content\/uploads\/2020\/02\/image1.php_-2.jpg\" alt=\"\" data-id=\"298\" data-full-url=\"http:\/\/510578669.swh.strato-hosting.eu\/wp-content\/uploads\/2020\/02\/image1.php_-2.jpg\" data-link=\"http:\/\/510578669.swh.strato-hosting.eu\/index.php\/brotzeit\/image1-php_-2\/\" class=\"wp-image-298\" srcset=\"https:\/\/staufenbergschule.de\/wp-content\/uploads\/2020\/02\/image1.php_-2.jpg 673w, https:\/\/staufenbergschule.de\/wp-content\/uploads\/2020\/02\/image1.php_-2-300x201.jpg 300w\" sizes=\"auto, (max-width: 673px) 100vw, 673px\" \/><\/figure><\/li><li class=\"blocks-gallery-item\"><figure><img loading=\"lazy\" decoding=\"async\" width=\"673\" height=\"450\" src=\"http:\/\/510578669.swh.strato-hosting.eu\/wp-content\/uploads\/2020\/02\/image4.php_.jpg\" alt=\"\" data-id=\"292\" data-full-url=\"http:\/\/510578669.swh.strato-hosting.eu\/wp-content\/uploads\/2020\/02\/image4.php_.jpg\" data-link=\"http:\/\/510578669.swh.strato-hosting.eu\/index.php\/brotzeit\/image4-php_\/\" class=\"wp-image-292\" srcset=\"https:\/\/staufenbergschule.de\/wp-content\/uploads\/2020\/02\/image4.php_.jpg 673w, https:\/\/staufenbergschule.de\/wp-content\/uploads\/2020\/02\/image4.php_-300x201.jpg 300w\" sizes=\"auto, (max-width: 673px) 100vw, 673px\" \/><\/figure><\/li><li class=\"blocks-gallery-item\"><figure><img loading=\"lazy\" decoding=\"async\" width=\"673\" height=\"450\" src=\"http:\/\/510578669.swh.strato-hosting.eu\/wp-content\/uploads\/2020\/02\/image3.php_.jpg\" alt=\"\" data-id=\"291\" data-full-url=\"http:\/\/510578669.swh.strato-hosting.eu\/wp-content\/uploads\/2020\/02\/image3.php_.jpg\" data-link=\"http:\/\/510578669.swh.strato-hosting.eu\/index.php\/brotzeit\/image3-php_\/\" class=\"wp-image-291\" srcset=\"https:\/\/staufenbergschule.de\/wp-content\/uploads\/2020\/02\/image3.php_.jpg 673w, https:\/\/staufenbergschule.de\/wp-content\/uploads\/2020\/02\/image3.php_-300x201.jpg 300w\" sizes=\"auto, (max-width: 673px) 100vw, 673px\" \/><\/figure><\/li><li class=\"blocks-gallery-item\"><figure><img loading=\"lazy\" decoding=\"async\" width=\"673\" height=\"450\" src=\"http:\/\/510578669.swh.strato-hosting.eu\/wp-content\/uploads\/2020\/02\/image2.php_.jpg\" alt=\"\" data-id=\"290\" data-full-url=\"http:\/\/510578669.swh.strato-hosting.eu\/wp-content\/uploads\/2020\/02\/image2.php_.jpg\" data-link=\"http:\/\/510578669.swh.strato-hosting.eu\/index.php\/brotzeit\/image2-php_\/\" class=\"wp-image-290\" srcset=\"https:\/\/staufenbergschule.de\/wp-content\/uploads\/2020\/02\/image2.php_.jpg 673w, https:\/\/staufenbergschule.de\/wp-content\/uploads\/2020\/02\/image2.php_-300x201.jpg 300w\" sizes=\"auto, (max-width: 673px) 100vw, 673px\" \/><\/figure><\/li><li class=\"blocks-gallery-item\"><figure><img loading=\"lazy\" decoding=\"async\" width=\"673\" height=\"450\" src=\"http:\/\/510578669.swh.strato-hosting.eu\/wp-content\/uploads\/2020\/02\/image.php_.jpg\" alt=\"\" data-id=\"288\" data-full-url=\"http:\/\/510578669.swh.strato-hosting.eu\/wp-content\/uploads\/2020\/02\/image.php_.jpg\" data-link=\"http:\/\/510578669.swh.strato-hosting.eu\/index.php\/brotzeit\/image-php_\/\" class=\"wp-image-288\" srcset=\"https:\/\/staufenbergschule.de\/wp-content\/uploads\/2020\/02\/image.php_.jpg 673w, https:\/\/staufenbergschule.de\/wp-content\/uploads\/2020\/02\/image.php_-300x201.jpg 300w\" sizes=\"auto, (max-width: 673px) 100vw, 673px\" \/><\/figure><\/li><li class=\"blocks-gallery-item\"><figure><img loading=\"lazy\" decoding=\"async\" width=\"673\" height=\"450\" src=\"http:\/\/510578669.swh.strato-hosting.eu\/wp-content\/uploads\/2020\/02\/image6.php_.jpg\" alt=\"\" data-id=\"294\" data-full-url=\"http:\/\/510578669.swh.strato-hosting.eu\/wp-content\/uploads\/2020\/02\/image6.php_.jpg\" data-link=\"http:\/\/510578669.swh.strato-hosting.eu\/index.php\/brotzeit\/image6-php_\/\" class=\"wp-image-294\" srcset=\"https:\/\/staufenbergschule.de\/wp-content\/uploads\/2020\/02\/image6.php_.jpg 673w, https:\/\/staufenbergschule.de\/wp-content\/uploads\/2020\/02\/image6.php_-300x201.jpg 300w\" sizes=\"auto, (max-width: 673px) 100vw, 673px\" \/><\/figure><\/li><\/ul><\/figure>\n\n\n\n<div class=\"wp-block-media-text alignwide\" style=\"grid-template-columns:35% auto\"><figure class=\"wp-block-media-text__media\"><img loading=\"lazy\" decoding=\"async\" width=\"886\" height=\"886\" src=\"http:\/\/510578669.swh.strato-hosting.eu\/wp-content\/uploads\/2020\/03\/AIM_Logo_CMYK-2.jpg\" alt=\"\" class=\"wp-image-435\" srcset=\"https:\/\/staufenbergschule.de\/wp-content\/uploads\/2020\/03\/AIM_Logo_CMYK-2.jpg 886w, https:\/\/staufenbergschule.de\/wp-content\/uploads\/2020\/03\/AIM_Logo_CMYK-2-300x300.jpg 300w, https:\/\/staufenbergschule.de\/wp-content\/uploads\/2020\/03\/AIM_Logo_CMYK-2-150x150.jpg 150w, https:\/\/staufenbergschule.de\/wp-content\/uploads\/2020\/03\/AIM_Logo_CMYK-2-768x768.jpg 768w, https:\/\/staufenbergschule.de\/wp-content\/uploads\/2020\/03\/AIM_Logo_CMYK-2-676x676.jpg 676w\" sizes=\"auto, (max-width: 886px) 100vw, 886px\" \/><\/figure><div class=\"wp-block-media-text__content\">\n<p class=\"has-small-font-size\">Seit dem Jahr 2006 bietet die <strong>aim <\/strong>das Programm &#8222;Sprache f\u00fcrs Leben&#8220; an, das sich an Sch\u00fclerInnen der Klassen 1-4 richtet, die die deutsche Sprache nicht bzw. nicht sicher beherrschen. <br>Die Sprachf\u00f6rderung findet in  Kleingruppen von drei bis sechs Kindern an den teilnehmenden  Grundschulen statt, wo jede Gruppe w\u00f6chentlich zwei bis vier  Unterrichtsstunden Sprachf\u00f6rderung erh\u00e4lt. Zus\u00e4tzliche Unterst\u00fctzung zur  alltagsbezogenen Sprachf\u00f6rderung k\u00f6nnen die Kinder im Rahmen des  Teamteachings, einer kooperativen Lehrmethode zwischen Sprachf\u00f6rderdozentIn und Lehrkraft, erhalten. <br>Ziel des Programms ist es, durch die Vertiefung und Erweiterung der sprachlichen F\u00e4higkeiten  langfristig die Bildungschancen der Kinder zu optimieren.   <\/p>\n<\/div><\/div>\n\n\n\n<div class=\"wp-block-media-text alignwide\" style=\"grid-template-columns:35% auto\"><figure class=\"wp-block-media-text__media\"><img loading=\"lazy\" decoding=\"async\" width=\"1024\" height=\"433\" src=\"http:\/\/510578669.swh.strato-hosting.eu\/wp-content\/uploads\/2020\/03\/EXP_WortBildmarke_D_schwarz_M_RGB_150dpi-1024x433.jpg\" alt=\"\" class=\"wp-image-437\" srcset=\"https:\/\/staufenbergschule.de\/wp-content\/uploads\/2020\/03\/EXP_WortBildmarke_D_schwarz_M_RGB_150dpi-1024x433.jpg 1024w, https:\/\/staufenbergschule.de\/wp-content\/uploads\/2020\/03\/EXP_WortBildmarke_D_schwarz_M_RGB_150dpi-300x127.jpg 300w, https:\/\/staufenbergschule.de\/wp-content\/uploads\/2020\/03\/EXP_WortBildmarke_D_schwarz_M_RGB_150dpi-768x325.jpg 768w, https:\/\/staufenbergschule.de\/wp-content\/uploads\/2020\/03\/EXP_WortBildmarke_D_schwarz_M_RGB_150dpi-1536x649.jpg 1536w, https:\/\/staufenbergschule.de\/wp-content\/uploads\/2020\/03\/EXP_WortBildmarke_D_schwarz_M_RGB_150dpi-676x286.jpg 676w, https:\/\/staufenbergschule.de\/wp-content\/uploads\/2020\/03\/EXP_WortBildmarke_D_schwarz_M_RGB_150dpi.jpg 1886w\" sizes=\"auto, (max-width: 1024px) 100vw, 1024px\" \/><\/figure><div class=\"wp-block-media-text__content\">\n<p class=\"has-small-font-size\">Die Staufenbergschule ist Partnerschule der <strong>experimenta<\/strong> in Heilbronn. Jedes Schuljahr machen einige Klassen Ausfl\u00fcge zu diesem modernen Science Center, das nicht nur f\u00fcr Kinder spannend ist. Auch nehmen Sch\u00fclerinnen und Sch\u00fcler am Forscherlabor der experimenta teil. <\/p>\n<\/div><\/div>\n\n\n\n<div class=\"wp-block-media-text alignwide\" style=\"grid-template-columns:35% auto\"><figure class=\"wp-block-media-text__media\"><img loading=\"lazy\" decoding=\"async\" width=\"850\" height=\"697\" src=\"http:\/\/510578669.swh.strato-hosting.eu\/wp-content\/uploads\/2020\/03\/hector_kinderakademie.png\" alt=\"\" class=\"wp-image-482\" srcset=\"https:\/\/staufenbergschule.de\/wp-content\/uploads\/2020\/03\/hector_kinderakademie.png 850w, https:\/\/staufenbergschule.de\/wp-content\/uploads\/2020\/03\/hector_kinderakademie-300x246.png 300w, https:\/\/staufenbergschule.de\/wp-content\/uploads\/2020\/03\/hector_kinderakademie-768x630.png 768w, https:\/\/staufenbergschule.de\/wp-content\/uploads\/2020\/03\/hector_kinderakademie-676x554.png 676w\" sizes=\"auto, (max-width: 850px) 100vw, 850px\" \/><\/figure><div class=\"wp-block-media-text__content\">\n<p class=\"has-small-font-size\">Das Angebot der <strong>Hector Kinderakademie Heilbronn<\/strong> richtet sich an besonders begabte und hochbegabte Kinder. Es soll dazu dienen, diese Kinder in ihren Begabungen zu unterst\u00fctzen und in ihrer  Pers\u00f6nlichkeitsentwicklung zu st\u00e4rken. Viele Kurse finden direkt an der Staufenberschule statt.<\/p>\n<\/div><\/div>\n\n\n\n<div class=\"wp-block-media-text alignwide\" style=\"grid-template-columns:35% auto\"><figure class=\"wp-block-media-text__media\"><img loading=\"lazy\" decoding=\"async\" width=\"850\" height=\"328\" src=\"http:\/\/510578669.swh.strato-hosting.eu\/wp-content\/uploads\/2020\/03\/theater_heilbronn.png\" alt=\"\" class=\"wp-image-487\" srcset=\"https:\/\/staufenbergschule.de\/wp-content\/uploads\/2020\/03\/theater_heilbronn.png 850w, https:\/\/staufenbergschule.de\/wp-content\/uploads\/2020\/03\/theater_heilbronn-300x116.png 300w, https:\/\/staufenbergschule.de\/wp-content\/uploads\/2020\/03\/theater_heilbronn-768x296.png 768w, https:\/\/staufenbergschule.de\/wp-content\/uploads\/2020\/03\/theater_heilbronn-676x261.png 676w\" sizes=\"auto, (max-width: 850px) 100vw, 850px\" \/><\/figure><div class=\"wp-block-media-text__content\">\n<p class=\"has-small-font-size\">&#8222;Theater sehen \u2013 mehr verstehen&#8220;<\/p>\n\n\n\n<p class=\"has-small-font-size\">So lautet das Motto des Kooperationsprojektes zwischen dem <strong>Theater Heilbronn<\/strong> und der Staufenbergschule. Durch regelm\u00e4\u00dfige Theaterbesuche  m\u00f6chten wir unseren Sch\u00fclerinnen und Sch\u00fclern die Welt des kreativen Theaters mit all seinen M\u00f6glichkeiten hinter, vor und auf der B\u00fchne n\u00e4her bringen und einen Beitrag zur kulturellen Bildung erm\u00f6glichen. <\/p>\n<\/div><\/div>\n\n\n\n<div class=\"wp-block-media-text alignwide\" style=\"grid-template-columns:35% auto\"><figure class=\"wp-block-media-text__media\"><img loading=\"lazy\" decoding=\"async\" width=\"833\" height=\"833\" src=\"https:\/\/staufenbergschule.de\/wp-content\/uploads\/2020\/11\/Logo.jpg\" alt=\"\" class=\"wp-image-1042\" srcset=\"https:\/\/staufenbergschule.de\/wp-content\/uploads\/2020\/11\/Logo.jpg 833w, https:\/\/staufenbergschule.de\/wp-content\/uploads\/2020\/11\/Logo-300x300.jpg 300w, https:\/\/staufenbergschule.de\/wp-content\/uploads\/2020\/11\/Logo-150x150.jpg 150w, https:\/\/staufenbergschule.de\/wp-content\/uploads\/2020\/11\/Logo-768x768.jpg 768w, https:\/\/staufenbergschule.de\/wp-content\/uploads\/2020\/11\/Logo-676x676.jpg 676w\" sizes=\"auto, (max-width: 833px) 100vw, 833px\" \/><\/figure><div class=\"wp-block-media-text__content\">\n<p class=\"has-small-font-size\">BachBewegt!Singen! weckt Freude am Singen und an Chormusik. Gemeinsam mit ihren Lehrerinnen Frau Jenning und Frau Stadel erarbeiten die Klassen 3b, 3d, 4a, 4b, 4c, 4d Werke, die sie anschlie\u00dfend mit der G\u00e4chinger Kantorei in einem Familienkonzert am Freitag, 09. Juli 2020, um 18.00 Uhr in der Harmonie in Heilbronn auff\u00fchren. Im Zentrum steht Joseph Haydns Oratorium \u00bbDie Sch\u00f6pfung\u00ab, das Karsten Gundermann kindgerecht und im Hinblick auf die Verantwortung gegen\u00fcber unserer nat\u00fcrlichen Umwelt arrangiert hat.<\/p>\n<\/div><\/div>\n\n\n\n<div class=\"wp-block-media-text alignwide\" style=\"grid-template-columns:35% auto\"><figure class=\"wp-block-media-text__media\"><img loading=\"lazy\" decoding=\"async\" width=\"1024\" height=\"627\" src=\"http:\/\/510578669.swh.strato-hosting.eu\/wp-content\/uploads\/2020\/04\/Freyraum-Logo-1024x627.jpg\" alt=\"\" class=\"wp-image-573\" srcset=\"https:\/\/staufenbergschule.de\/wp-content\/uploads\/2020\/04\/Freyraum-Logo-1024x627.jpg 1024w, https:\/\/staufenbergschule.de\/wp-content\/uploads\/2020\/04\/Freyraum-Logo-300x184.jpg 300w, https:\/\/staufenbergschule.de\/wp-content\/uploads\/2020\/04\/Freyraum-Logo-768x470.jpg 768w, https:\/\/staufenbergschule.de\/wp-content\/uploads\/2020\/04\/Freyraum-Logo-676x414.jpg 676w, https:\/\/staufenbergschule.de\/wp-content\/uploads\/2020\/04\/Freyraum-Logo.jpg 1356w\" sizes=\"auto, (max-width: 1024px) 100vw, 1024px\" \/><\/figure><div class=\"wp-block-media-text__content\">\n<p class=\"has-small-font-size\"><strong>FREYRAUM Konzepte<\/strong><br>Naturnahe Gr\u00fcnraumgestaltung<br>Sebastian Frey <br>Dipl. Landschafts\u00f6kologe<\/p>\n\n\n\n<p><strong>Kontakt:<\/strong><br>Gartenstr. 6<br>74172 Neckarsulm<br>Tel.: 07132 &#8211; 36 89 132<br>Mobil: 0157 &#8211; 36 766 343 <br>Mail: info@freyraum-konzepte.de<br>Web: www.freyraum-konzepte.de<\/p>\n<\/div><\/div>\n\n\n\n<div class=\"wp-block-media-text alignwide\" style=\"grid-template-columns:35% auto\"><figure class=\"wp-block-media-text__media\"><img loading=\"lazy\" decoding=\"async\" width=\"473\" height=\"473\" src=\"http:\/\/510578669.swh.strato-hosting.eu\/wp-content\/uploads\/2020\/03\/TSG-1845-Heilbronn-e.V.-Logo.jpg\" alt=\"\" class=\"wp-image-471\" srcset=\"https:\/\/staufenbergschule.de\/wp-content\/uploads\/2020\/03\/TSG-1845-Heilbronn-e.V.-Logo.jpg 473w, https:\/\/staufenbergschule.de\/wp-content\/uploads\/2020\/03\/TSG-1845-Heilbronn-e.V.-Logo-300x300.jpg 300w, https:\/\/staufenbergschule.de\/wp-content\/uploads\/2020\/03\/TSG-1845-Heilbronn-e.V.-Logo-150x150.jpg 150w\" sizes=\"auto, (max-width: 473px) 100vw, 473px\" \/><\/figure><div class=\"wp-block-media-text__content\">\n<p class=\"has-regular-font-size\"><strong>TSG 1845 Heilbronn<\/strong><\/p>\n<\/div><\/div>\n\n\n\n<div class=\"wp-block-media-text alignwide\" style=\"grid-template-columns:35% auto\"><figure class=\"wp-block-media-text__media\"><img loading=\"lazy\" decoding=\"async\" width=\"640\" height=\"250\" src=\"http:\/\/510578669.swh.strato-hosting.eu\/wp-content\/uploads\/2020\/03\/Logo.jpg\" alt=\"\" class=\"wp-image-463\" srcset=\"https:\/\/staufenbergschule.de\/wp-content\/uploads\/2020\/03\/Logo.jpg 640w, https:\/\/staufenbergschule.de\/wp-content\/uploads\/2020\/03\/Logo-300x117.jpg 300w\" sizes=\"auto, (max-width: 640px) 100vw, 640px\" \/><\/figure><div class=\"wp-block-media-text__content\">\n<p class=\"has-regular-font-size\"><strong>TSB Tennisclub Horkheim<\/strong><\/p>\n<\/div><\/div>\n\n\n\n<div class=\"wp-block-media-text alignwide\" style=\"grid-template-columns:16% auto\"><figure class=\"wp-block-media-text__media\"><img loading=\"lazy\" decoding=\"async\" width=\"546\" height=\"1024\" src=\"http:\/\/510578669.swh.strato-hosting.eu\/wp-content\/uploads\/2020\/03\/Logo-ev.-Gem.-546x1024.jpg\" alt=\"\" class=\"wp-image-445\" srcset=\"https:\/\/staufenbergschule.de\/wp-content\/uploads\/2020\/03\/Logo-ev.-Gem.-546x1024.jpg 546w, https:\/\/staufenbergschule.de\/wp-content\/uploads\/2020\/03\/Logo-ev.-Gem.-160x300.jpg 160w, https:\/\/staufenbergschule.de\/wp-content\/uploads\/2020\/03\/Logo-ev.-Gem.-676x1269.jpg 676w, https:\/\/staufenbergschule.de\/wp-content\/uploads\/2020\/03\/Logo-ev.-Gem..jpg 682w\" sizes=\"auto, (max-width: 546px) 100vw, 546px\" \/><\/figure><div class=\"wp-block-media-text__content\">\n<p class=\"has-regular-font-size\"><strong>Evangelische Matth\u00e4usgemeinde <br><\/strong>Heilbronn-Sontheim <\/p>\n<\/div><\/div>\n\n\n\n<div class=\"wp-block-media-text alignwide\" style=\"grid-template-columns:35% auto\"><figure class=\"wp-block-media-text__media\"><img loading=\"lazy\" decoding=\"async\" width=\"828\" height=\"341\" src=\"http:\/\/510578669.swh.strato-hosting.eu\/wp-content\/uploads\/2020\/03\/Logo-St-Martinus-Heilbronn-Sontheim.jpg\" alt=\"\" class=\"wp-image-453\" srcset=\"https:\/\/staufenbergschule.de\/wp-content\/uploads\/2020\/03\/Logo-St-Martinus-Heilbronn-Sontheim.jpg 828w, https:\/\/staufenbergschule.de\/wp-content\/uploads\/2020\/03\/Logo-St-Martinus-Heilbronn-Sontheim-300x124.jpg 300w, https:\/\/staufenbergschule.de\/wp-content\/uploads\/2020\/03\/Logo-St-Martinus-Heilbronn-Sontheim-768x316.jpg 768w, https:\/\/staufenbergschule.de\/wp-content\/uploads\/2020\/03\/Logo-St-Martinus-Heilbronn-Sontheim-676x278.jpg 676w\" sizes=\"auto, (max-width: 828px) 100vw, 828px\" \/><\/figure><div class=\"wp-block-media-text__content\">\n<p class=\"has-regular-font-size\"><strong>Katholische Sankt Martinus Gemeinde <\/strong><br>Heilbronn-Sontheim <\/p>\n<\/div><\/div>\n\n\n\n<div class=\"wp-block-media-text alignwide\" style=\"grid-template-columns:35% auto\"><figure class=\"wp-block-media-text__media\"><img loading=\"lazy\" decoding=\"async\" width=\"1024\" height=\"394\" src=\"http:\/\/510578669.swh.strato-hosting.eu\/wp-content\/uploads\/2020\/03\/PMS_Logo_0211-1024x394.jpg\" alt=\"\" class=\"wp-image-441\" srcset=\"https:\/\/staufenbergschule.de\/wp-content\/uploads\/2020\/03\/PMS_Logo_0211-1024x394.jpg 1024w, https:\/\/staufenbergschule.de\/wp-content\/uploads\/2020\/03\/PMS_Logo_0211-300x115.jpg 300w, https:\/\/staufenbergschule.de\/wp-content\/uploads\/2020\/03\/PMS_Logo_0211-768x295.jpg 768w, https:\/\/staufenbergschule.de\/wp-content\/uploads\/2020\/03\/PMS_Logo_0211-1536x591.jpg 1536w, https:\/\/staufenbergschule.de\/wp-content\/uploads\/2020\/03\/PMS_Logo_0211-676x260.jpg 676w, https:\/\/staufenbergschule.de\/wp-content\/uploads\/2020\/03\/PMS_Logo_0211.jpg 2031w\" sizes=\"auto, (max-width: 1024px) 100vw, 1024px\" \/><\/figure><div class=\"wp-block-media-text__content\">\n<p class=\"has-small-font-size\">Die Kooperation mit der <strong>Paul-Meyle-Schule<\/strong> zeigt sich unter anderem in gemeinsamem Unterricht und der Pausenhofgestaltung. Dabei k\u00f6nnen die Sch\u00fclerinnen und Sch\u00fcler beider Schulen nachhaltig profitieren, vor allem im sozialen Umgang miteinander.<\/p>\n<\/div><\/div>\n\n\n\n<div class=\"wp-block-media-text alignwide\" style=\"grid-template-columns:35% auto\"><figure class=\"wp-block-media-text__media\"><img loading=\"lazy\" decoding=\"async\" width=\"1024\" height=\"683\" src=\"https:\/\/staufenbergschule.de\/wp-content\/uploads\/2022\/08\/education-g327a003fd_1920-1024x683.jpg\" alt=\"\" class=\"wp-image-1688\" srcset=\"https:\/\/staufenbergschule.de\/wp-content\/uploads\/2022\/08\/education-g327a003fd_1920-1024x683.jpg 1024w, https:\/\/staufenbergschule.de\/wp-content\/uploads\/2022\/08\/education-g327a003fd_1920-300x200.jpg 300w, https:\/\/staufenbergschule.de\/wp-content\/uploads\/2022\/08\/education-g327a003fd_1920-768x512.jpg 768w, https:\/\/staufenbergschule.de\/wp-content\/uploads\/2022\/08\/education-g327a003fd_1920-1536x1024.jpg 1536w, https:\/\/staufenbergschule.de\/wp-content\/uploads\/2022\/08\/education-g327a003fd_1920-676x451.jpg 676w, https:\/\/staufenbergschule.de\/wp-content\/uploads\/2022\/08\/education-g327a003fd_1920.jpg 1920w\" sizes=\"auto, (max-width: 1024px) 100vw, 1024px\" \/><\/figure><div class=\"wp-block-media-text__content\">\n<p class=\"has-small-font-size\"><strong>Kooperationskinderg\u00e4rten:<\/strong><br>Becker-Franck-Stiftung, Staufenbergstr. 53<br>ev. Kindergarten Ackermannstift, Lauffener Str. 3<br>Kita Erwin R\u00f6mmele, Hermann.Wolff-Str. 29<br>kathol.  Kindergarten St. Christopherus, Eberlinstr. 16<br>Kinder in Bewegung, Spitzwegstr. 5<br>Arkus Kinderhaus, Wertwiesen 8<br>ev. Dietrich-Bonhoeffer-Kindergarten, Stockportstr. 15<br>Anne-Frank-Kindertagesst\u00e4tte, Robert-Bosch-Str. 9 <\/p>\n<\/div><\/div>\n\n\n\n<p class=\"has-small-font-size\"><\/p>\n\n\n\n<div class=\"wp-block-media-text alignwide\" style=\"grid-template-columns:36% auto\"><figure class=\"wp-block-media-text__media\"><img loading=\"lazy\" decoding=\"async\" width=\"945\" height=\"794\" src=\"https:\/\/staufenbergschule.de\/wp-content\/uploads\/2025\/01\/IMG_6938-2.jpeg\" alt=\"\" class=\"wp-image-2708\" srcset=\"https:\/\/staufenbergschule.de\/wp-content\/uploads\/2025\/01\/IMG_6938-2.jpeg 945w, https:\/\/staufenbergschule.de\/wp-content\/uploads\/2025\/01\/IMG_6938-2-300x252.jpeg 300w, https:\/\/staufenbergschule.de\/wp-content\/uploads\/2025\/01\/IMG_6938-2-768x645.jpeg 768w, https:\/\/staufenbergschule.de\/wp-content\/uploads\/2025\/01\/IMG_6938-2-676x568.jpeg 676w\" sizes=\"auto, (max-width: 945px) 100vw, 945px\" \/><\/figure><div class=\"wp-block-media-text__content\">\n<p class=\"has-small-font-size\"><strong>Die Heilbronner G\u00fcnter-Steffen-Stiftung \u201eFit ins Leben \u2013 Ich kann\u2019s\u201c<\/strong> erm\u00f6glicht den Sch\u00fclern der Staufenbergschule seit 2022 ein vielf\u00e4ltiges Sport- und Bewegungsprogramm.<\/p>\n\n\n\n<p class=\"has-small-font-size\">Sport und Bewegung spielen f\u00fcr die positive Entwicklung der Kinder eine gro\u00dfe Rolle. Erfolgserlebnisse durch zus\u00e4tzliche Bewegungsangebote schaffen Lebensfreude, Zuversicht und Selbstbewusstsein. Daf\u00fcr setzt sich die G\u00fcnter Steffen Stiftung ein. N\u00e4here Informationen finden Sie auf Stiftung \u201eFit ins Leben &#8211; Ich kann&#8217;s!\u201c (<a rel=\"noreferrer noopener\" href=\"https:\/\/stiftung-fitinsleben.de\/\" target=\"_blank\">https:\/\/stiftung-fitinsleben.de<\/a>)<br><\/p>\n<\/div><\/div>\n","protected":false},"excerpt":{"rendered":"<p>Der Verein brotZeit bietet unseren Kindern t\u00e4glich vor Unterrichtsbeginn in der Zeit von 7.00 \u2013 7.45 Uhr ein kostenloses reichhaltiges Fr\u00fchst\u00fcck. Aktive Senioren richten ein ausgewogenes Buffet mit Milch, M\u00fcsli, [&hellip;]<\/p>\n","protected":false},"author":3,"featured_media":0,"parent":0,"menu_order":0,"comment_status":"closed","ping_status":"closed","template":"template-fullwidth.php","meta":{"_acf_changed":false,"footnotes":""},"class_list":["post-280","page","type-page","status-publish","hentry","post-preview"],"acf":[],"_links":{"self":[{"href":"https:\/\/staufenbergschule.de\/index.php\/wp-json\/wp\/v2\/pages\/280","targetHints":{"allow":["GET"]}}],"collection":[{"href":"https:\/\/staufenbergschule.de\/index.php\/wp-json\/wp\/v2\/pages"}],"about":[{"href":"https:\/\/staufenbergschule.de\/index.php\/wp-json\/wp\/v2\/types\/page"}],"author":[{"embeddable":true,"href":"https:\/\/staufenbergschule.de\/index.php\/wp-json\/wp\/v2\/users\/3"}],"replies":[{"embeddable":true,"href":"https:\/\/staufenbergschule.de\/index.php\/wp-json\/wp\/v2\/comments?post=280"}],"version-history":[{"count":42,"href":"https:\/\/staufenbergschule.de\/index.php\/wp-json\/wp\/v2\/pages\/280\/revisions"}],"predecessor-version":[{"id":2719,"href":"https:\/\/staufenbergschule.de\/index.php\/wp-json\/wp\/v2\/pages\/280\/revisions\/2719"}],"wp:attachment":[{"href":"https:\/\/staufenbergschule.de\/index.php\/wp-json\/wp\/v2\/media?parent=280"}],"curies":[{"name":"wp","href":"https:\/\/api.w.org\/{rel}","templated":true}]}}