{"id":3,"date":"2020-01-03T15:44:09","date_gmt":"2020-01-03T14:44:09","guid":{"rendered":"http:\/\/510578669.swh.strato-hosting.eu\/?page_id=3"},"modified":"2020-10-08T09:12:45","modified_gmt":"2020-10-08T07:12:45","slug":"datenschutzerklaerung","status":"publish","type":"page","link":"https:\/\/staufenbergschule.de\/index.php\/datenschutzerklaerung\/","title":{"rendered":"Datenschutzerkl\u00e4rung"},"content":{"rendered":"\n<p>Verantwortliche\nStelle im Sinne der Datenschutzgesetze, insbesondere der\nEU-Datenschutzgrundverordnung (EU-DSGVO), ist:<\/p>\n\n\n\n<p>Staufenbergschule<br>\nGrundschule<br>\nFrau Martina Reichert<br>\nStaufenbergstra\u00dfe 91<br>\nD-74081 Heilbronn<\/p>\n\n\n\n<p>Beh\u00f6rdlicher Datenschutzbeauftragter:<br> Herr Thorsten Grambow<br> SSA Heilbronn<br> datenschutzbeauftragter.schulen@ssa-hn.kv.bwl.de<\/p>\n\n\n\n<p class=\"has-large-font-size\"><strong>Datenschutz<\/strong><\/p>\n\n\n\n<p>Die\nBetreiber dieser Seiten nehmen den Schutz Ihrer pers\u00f6nlichen Daten sehr ernst.\nWir behandeln Ihre personenbezogenen Daten vertraulich und entsprechend der\ngesetzlichen Datenschutzvorschriften sowie dieser Datenschutzerkl\u00e4rung.<\/p>\n\n\n\n<p>Die Nutzung\nunserer Website ist in der Regel ohne Angabe personenbezogener Daten m\u00f6glich.\nSoweit auf unseren Seiten personenbezogene Daten (beispielsweise Name,\nAnschrift oder E-Mail-Adressen) erhoben werden, erfolgt dies, soweit m\u00f6glich,\nstets auf freiwilliger Basis. Diese Daten werden ohne Ihre ausdr\u00fcckliche Zustimmung\nnicht an Dritte weitergegeben.<\/p>\n\n\n\n<p>Wir weisen\ndarauf hin, dass die Daten\u00fcbertragung im Internet (z.B. bei der Kommunikation\nper E-Mail) Sicherheitsl\u00fccken aufweisen kann. Ein l\u00fcckenloser Schutz der Daten\nvor dem Zugriff durch Dritte ist nicht m\u00f6glich.<\/p>\n\n\n\n<p class=\"has-large-font-size\"><strong>Cookies<\/strong><strong><\/strong><\/p>\n\n\n\n<p>Die\nInternetseiten verwenden teilweise so genannte Cookies. Cookies richten auf\nIhrem Rechner keinen Schaden an und enthalten keine Viren. Cookies dienen dazu,\nunser Angebot nutzerfreundlicher, effektiver und sicherer zu machen. Cookies\nsind kleine Textdateien, die auf Ihrem Rechner abgelegt werden und die Ihr\nBrowser speichert.<\/p>\n\n\n\n<p>Die meisten\nder von uns verwendeten Cookies sind so genannte \u201eSession-Cookies\u201c. Sie werden\nnach Ende Ihres Besuchs automatisch gel\u00f6scht. Andere Cookies bleiben auf Ihrem\nEndger\u00e4t gespeichert, bis Sie diese l\u00f6schen. Diese Cookies erm\u00f6glichen es uns,\nIhren Browser beim n\u00e4chsten Besuch wiederzuerkennen.<\/p>\n\n\n\n<p>Sie k\u00f6nnen\nIhren Browser so einstellen, dass Sie \u00fcber das Setzen von Cookies informiert\nwerden und Cookies nur im Einzelfall erlauben, die Annahme von Cookies f\u00fcr\nbestimmte F\u00e4lle oder generell ausschlie\u00dfen sowie das automatische L\u00f6schen der\nCookies beim Schlie\u00dfen des Browser aktivieren. Bei der Deaktivierung von\nCookies kann die Funktionalit\u00e4t dieser Website eingeschr\u00e4nkt sein.<\/p>\n\n\n\n<p class=\"has-large-font-size\"><strong>SSL-Verschl\u00fcsselung<\/strong><strong><\/strong><\/p>\n\n\n\n<p>Diese Seite\nnutzt aus Gr\u00fcnden der Sicherheit und zum Schutz der \u00dcbertragung vertraulicher\nInhalte, wie zum Beispiel der Anfragen, die Sie an uns als Seitenbetreiber\nsenden, eine SSL-Verschl\u00fcsselung. Eine verschl\u00fcsselte Verbindung erkennen Sie\ndaran, dass die Adresszeile des Browsers von &#8222;http:\/\/&#8220; auf\n&#8222;https:\/\/&#8220; wechselt und an dem Schloss-Symbol in Ihrer Browserzeile.<\/p>\n\n\n\n<p>Wenn die SSL\nVerschl\u00fcsselung aktiviert ist, k\u00f6nnen die Daten, die Sie an uns \u00fcbermitteln,\nnicht von Dritten mitgelesen werden.<\/p>\n\n\n\n<p class=\"has-large-font-size\"><strong>\u00c4nderung unserer Datenschutzbestimmungen<\/strong><strong><\/strong><\/p>\n\n\n\n<p>Wir behalten\nuns vor, diese Datenschutzerkl\u00e4rung anzupassen, damit sie stets den aktuellen\nrechtlichen Anforderungen entspricht oder um \u00c4nderungen unserer Leistungen in\nder Datenschutzerkl\u00e4rung umzusetzen, z.B. bei der Einf\u00fchrung neuer Services.\nF\u00fcr Ihren erneuten Besuch gilt dann die neue Datenschutzerkl\u00e4rung.<\/p>\n\n\n\n<p class=\"has-large-font-size\"><strong>Recht auf Auskunft, L\u00f6schung, Sperrung<\/strong><strong><\/strong><\/p>\n\n\n\n<p>Sie haben\njederzeit das Recht auf unentgeltliche Auskunft \u00fcber Ihre gespeicherten\npersonenbezogenen Daten, deren Herkunft und Empf\u00e4nger und den Zweck der\nDatenverarbeitung sowie ein Recht auf Berichtigung, Sperrung oder L\u00f6schung\ndieser Daten. Hierzu sowie zu weiteren Fragen zum Thema personenbezogene Daten\nk\u00f6nnen Sie sich jederzeit unter der im Impressum angegebenen Adresse an uns\nwenden.<\/p>\n\n\n\n<p>Quelle:&nbsp;&nbsp;<a href=\"https:\/\/www.e-recht24.de\/\" target=\"_blank\" rel=\"noreferrer noopener\">e-recht24.de<\/a><\/p>\n","protected":false},"excerpt":{"rendered":"<p>Verantwortliche Stelle im Sinne der Datenschutzgesetze, insbesondere der EU-Datenschutzgrundverordnung (EU-DSGVO), ist: Staufenbergschule Grundschule Frau Martina Reichert Staufenbergstra\u00dfe 91 D-74081 Heilbronn Beh\u00f6rdlicher Datenschutzbeauftragter: Herr Thorsten Grambow SSA Heilbronn datenschutzbeauftragter.schulen@ssa-hn.kv.bwl.de Datenschutz Die [&hellip;]<\/p>\n","protected":false},"author":1,"featured_media":0,"parent":0,"menu_order":0,"comment_status":"closed","ping_status":"open","template":"template-fullwidth.php","meta":{"_acf_changed":false,"footnotes":""},"class_list":["post-3","page","type-page","status-publish","hentry","post-preview"],"acf":[],"_links":{"self":[{"href":"https:\/\/staufenbergschule.de\/index.php\/wp-json\/wp\/v2\/pages\/3","targetHints":{"allow":["GET"]}}],"collection":[{"href":"https:\/\/staufenbergschule.de\/index.php\/wp-json\/wp\/v2\/pages"}],"about":[{"href":"https:\/\/staufenbergschule.de\/index.php\/wp-json\/wp\/v2\/types\/page"}],"author":[{"embeddable":true,"href":"https:\/\/staufenbergschule.de\/index.php\/wp-json\/wp\/v2\/users\/1"}],"replies":[{"embeddable":true,"href":"https:\/\/staufenbergschule.de\/index.php\/wp-json\/wp\/v2\/comments?post=3"}],"version-history":[{"count":6,"href":"https:\/\/staufenbergschule.de\/index.php\/wp-json\/wp\/v2\/pages\/3\/revisions"}],"predecessor-version":[{"id":957,"href":"https:\/\/staufenbergschule.de\/index.php\/wp-json\/wp\/v2\/pages\/3\/revisions\/957"}],"wp:attachment":[{"href":"https:\/\/staufenbergschule.de\/index.php\/wp-json\/wp\/v2\/media?parent=3"}],"curies":[{"name":"wp","href":"https:\/\/api.w.org\/{rel}","templated":true}]}}