{"id":320,"date":"2020-02-25T16:35:24","date_gmt":"2020-02-25T15:35:24","guid":{"rendered":"http:\/\/510578669.swh.strato-hosting.eu\/?page_id=320"},"modified":"2024-03-14T08:58:26","modified_gmt":"2024-03-14T07:58:26","slug":"foerderverein","status":"publish","type":"page","link":"https:\/\/staufenbergschule.de\/index.php\/foerderverein\/","title":{"rendered":"F\u00f6rderverein"},"content":{"rendered":"\n<p>Schule ist heute mehr denn je neben der zentralen Aufgabe der Wissensvermittlung auch Lebensraum und ein Ort des sozialen Lernens, in dem die Sch\u00fcler einen betr\u00e4chtlichen Teil ihrer Zeit verbringen. Um die vielf\u00e4ltigen Aufgaben, die sich daraus ergeben, wahrzunehmen und sie p\u00e4dagogisch sinnvoll zu gestalten, bedarf es der Zusammenarbeit aller am Schulleben Beteiligten \u2013 insbesondere auch der Eltern.<\/p>\n\n\n\n<p>Der F\u00f6rderverein unterst\u00fctzt die Schule finanziell bei Aktionen und Projekten, die \u00fcber den normalen Schuletat hinausgehen und ohne diese Zuwendung nicht zu verwirklichen w\u00e4ren (z.B. Blockh\u00fctte f\u00fcr die Pausenspiele oder Balltrainer f\u00fcr den Sportunterricht). Dar\u00fcber hinaus unterst\u00fctzen die Mitglieder des F\u00f6rdervereins die Schule mit Ideen und auch mit tatkr\u00e4ftiger Mithilfe, um den Lebensraum Schule f\u00fcr die Kinder gewinnbringend zu gestalten.<\/p>\n\n\n\n<p>Wir helfen finanziell und tatkr\u00e4ftig bei der Gestaltung des Schullebens: Schulhof, Mensa, Gestaltung des Freizeitbereichs, gemeinsame Unternehmungen, Schulfeste, &#8230;<\/p>\n\n\n\n<p>Entscheiden und gestalten Sie mit \u2013 f\u00fcr die Staufenbergschule und Ihr Kind. Werden Sie aktives Mitglied in unserem F\u00f6rderverein.<\/p>\n\n\n\n<div class=\"wp-block-media-text alignwide\"><figure class=\"wp-block-media-text__media\"><\/figure><div class=\"wp-block-media-text__content\">\n<p class=\"has-regular-font-size\"><strong>1. Vorsitzender:<\/strong><\/p>\n\n\n\n<p>Frau Sabrina Schwab<\/p>\n\n\n\n<p> Kontakt : <em>vincu.schwab@gs-staufenberg.de<\/em><\/p>\n<\/div><\/div>\n\n\n\n<div class=\"wp-block-media-text alignwide\"><figure class=\"wp-block-media-text__media\"><\/figure><div class=\"wp-block-media-text__content\">\n<p class=\"has-regular-font-size\"><strong>2. Vorsitzende:<\/strong><\/p>\n\n\n\n<p>Frau Natalie Hauptvogel<\/p>\n\n\n\n<p>Kontakt:<em> valentin.hauptvogel@gs-staufenberg.de<\/em><\/p>\n\n\n\n<p><\/p>\n\n\n\n<p> <\/p>\n<\/div><\/div>\n\n\n\n<div class=\"wp-block-file\"><a href=\"https:\/\/staufenbergschule.de\/wp-content\/uploads\/2022\/10\/Brief-F\u00f6rderverein.pdf\">Brief F\u00f6rderverein<\/a><a href=\"https:\/\/staufenbergschule.de\/wp-content\/uploads\/2022\/10\/Brief-F\u00f6rderverein.pdf\" class=\"wp-block-file__button\" download>Herunterladen<\/a><\/div>\n\n\n\n<p>Sie m\u00f6chten unserem F\u00f6rderverein beitreten?  <\/p>\n\n\n\n<p>Hier finden Sie die entsprechende Beitrittserkl\u00e4rung im PDF Format zum downloaden:<\/p>\n\n\n\n<div class=\"wp-block-file\"><a href=\"http:\/\/510578669.swh.strato-hosting.eu\/wp-content\/uploads\/2020\/03\/Beitrittserkl\u00e4rung-F\u00f6rderverein.pdf\">Beitrittserkl\u00e4rung F\u00f6rderverein<\/a><a href=\"http:\/\/510578669.swh.strato-hosting.eu\/wp-content\/uploads\/2020\/03\/Beitrittserkl\u00e4rung-F\u00f6rderverein.pdf\" class=\"wp-block-file__button\" download>Herunterladen<\/a><\/div>\n","protected":false},"excerpt":{"rendered":"<p>Schule ist heute mehr denn je neben der zentralen Aufgabe der Wissensvermittlung auch Lebensraum und ein Ort des sozialen Lernens, in dem die Sch\u00fcler einen betr\u00e4chtlichen Teil ihrer Zeit verbringen. [&hellip;]<\/p>\n","protected":false},"author":3,"featured_media":0,"parent":0,"menu_order":0,"comment_status":"closed","ping_status":"closed","template":"template-fullwidth.php","meta":{"_acf_changed":false,"footnotes":""},"class_list":["post-320","page","type-page","status-publish","hentry","post-preview"],"acf":[],"_links":{"self":[{"href":"https:\/\/staufenbergschule.de\/index.php\/wp-json\/wp\/v2\/pages\/320","targetHints":{"allow":["GET"]}}],"collection":[{"href":"https:\/\/staufenbergschule.de\/index.php\/wp-json\/wp\/v2\/pages"}],"about":[{"href":"https:\/\/staufenbergschule.de\/index.php\/wp-json\/wp\/v2\/types\/page"}],"author":[{"embeddable":true,"href":"https:\/\/staufenbergschule.de\/index.php\/wp-json\/wp\/v2\/users\/3"}],"replies":[{"embeddable":true,"href":"https:\/\/staufenbergschule.de\/index.php\/wp-json\/wp\/v2\/comments?post=320"}],"version-history":[{"count":11,"href":"https:\/\/staufenbergschule.de\/index.php\/wp-json\/wp\/v2\/pages\/320\/revisions"}],"predecessor-version":[{"id":2308,"href":"https:\/\/staufenbergschule.de\/index.php\/wp-json\/wp\/v2\/pages\/320\/revisions\/2308"}],"wp:attachment":[{"href":"https:\/\/staufenbergschule.de\/index.php\/wp-json\/wp\/v2\/media?parent=320"}],"curies":[{"name":"wp","href":"https:\/\/api.w.org\/{rel}","templated":true}]}}