{"id":405,"date":"2020-03-21T11:58:12","date_gmt":"2020-03-21T10:58:12","guid":{"rendered":"http:\/\/510578669.swh.strato-hosting.eu\/?page_id=405"},"modified":"2025-09-17T18:50:08","modified_gmt":"2025-09-17T16:50:08","slug":"tennis-ag","status":"publish","type":"page","link":"https:\/\/staufenbergschule.de\/index.php\/tennis-ag\/","title":{"rendered":"Tennis-AG"},"content":{"rendered":"\n<p>Wer m\u00f6chte\nnicht einmal wie Roger Federer oder Angelique Kerber B\u00e4lle \u00fcbers Netz spielen\nund in den Tennissport hineinschnuppern?<\/p>\n\n\n\n<p>An unserer\nSchule besteht die M\u00f6glichkeit, genau dies auszuprobieren!<\/p>\n\n\n\n<p>Mit spielerischen \u00dcbungen werden die Kinder an den Sport herangef\u00fchrt und haben dann auch die M\u00f6glichkeit, ihr K\u00f6nnen im Verein zu perfektionieren.&nbsp; <\/p>\n\n\n\n<p><strong>Wann?<\/strong> <\/p>\n\n\n\n<p><strong>Wer?<\/strong> <\/p>\n\n\n\n<p><strong>Wo?<\/strong> <\/p>\n\n\n\n<p><strong>Bei wem?<\/strong> <\/p>\n\n\n\n<figure class=\"wp-block-image size-large\"><img loading=\"lazy\" decoding=\"async\" width=\"1024\" height=\"719\" src=\"http:\/\/510578669.swh.strato-hosting.eu\/wp-content\/uploads\/2020\/03\/Tennis-AG-Teilnehmer-bearbeitet.jpg\" alt=\"\" class=\"wp-image-422\" srcset=\"https:\/\/staufenbergschule.de\/wp-content\/uploads\/2020\/03\/Tennis-AG-Teilnehmer-bearbeitet.jpg 1024w, https:\/\/staufenbergschule.de\/wp-content\/uploads\/2020\/03\/Tennis-AG-Teilnehmer-bearbeitet-300x211.jpg 300w, https:\/\/staufenbergschule.de\/wp-content\/uploads\/2020\/03\/Tennis-AG-Teilnehmer-bearbeitet-768x539.jpg 768w, https:\/\/staufenbergschule.de\/wp-content\/uploads\/2020\/03\/Tennis-AG-Teilnehmer-bearbeitet-676x475.jpg 676w\" sizes=\"auto, (max-width: 1024px) 100vw, 1024px\" \/><\/figure>\n","protected":false},"excerpt":{"rendered":"<p>Wer m\u00f6chte nicht einmal wie Roger Federer oder Angelique Kerber B\u00e4lle \u00fcbers Netz spielen und in den Tennissport hineinschnuppern? An unserer Schule besteht die M\u00f6glichkeit, genau dies auszuprobieren! Mit spielerischen [&hellip;]<\/p>\n","protected":false},"author":3,"featured_media":0,"parent":0,"menu_order":0,"comment_status":"closed","ping_status":"closed","template":"template-fullwidth.php","meta":{"_acf_changed":false,"footnotes":""},"class_list":["post-405","page","type-page","status-publish","hentry","post-preview"],"acf":[],"_links":{"self":[{"href":"https:\/\/staufenbergschule.de\/index.php\/wp-json\/wp\/v2\/pages\/405","targetHints":{"allow":["GET"]}}],"collection":[{"href":"https:\/\/staufenbergschule.de\/index.php\/wp-json\/wp\/v2\/pages"}],"about":[{"href":"https:\/\/staufenbergschule.de\/index.php\/wp-json\/wp\/v2\/types\/page"}],"author":[{"embeddable":true,"href":"https:\/\/staufenbergschule.de\/index.php\/wp-json\/wp\/v2\/users\/3"}],"replies":[{"embeddable":true,"href":"https:\/\/staufenbergschule.de\/index.php\/wp-json\/wp\/v2\/comments?post=405"}],"version-history":[{"count":9,"href":"https:\/\/staufenbergschule.de\/index.php\/wp-json\/wp\/v2\/pages\/405\/revisions"}],"predecessor-version":[{"id":2961,"href":"https:\/\/staufenbergschule.de\/index.php\/wp-json\/wp\/v2\/pages\/405\/revisions\/2961"}],"wp:attachment":[{"href":"https:\/\/staufenbergschule.de\/index.php\/wp-json\/wp\/v2\/media?parent=405"}],"curies":[{"name":"wp","href":"https:\/\/api.w.org\/{rel}","templated":true}]}}