{"id":474,"date":"2020-03-31T10:27:48","date_gmt":"2020-03-31T08:27:48","guid":{"rendered":"http:\/\/510578669.swh.strato-hosting.eu\/?page_id=474"},"modified":"2020-03-31T10:27:48","modified_gmt":"2020-03-31T08:27:48","slug":"streitschlichter","status":"publish","type":"page","link":"https:\/\/staufenbergschule.de\/index.php\/streitschlichter\/","title":{"rendered":"Streitschlichter"},"content":{"rendered":"\n<p>Jedes Schuljahr werden Sch\u00fcler der dritten Klassen zu Streitschlichtern ausgebildet. Streitschlichter sind unparteiische Vermittler in Streitf\u00e4llen. In der Pause erkennt man sie an ihren gelben Westen. Sie helfen streitenden Kindern, eine einvernehmliche L\u00f6sung f\u00fcr ihr Problem zu finden. <\/p>\n\n\n\n<p>Die Streitschlichter-Ausbildung findet w\u00e4hrend der Schulzeit einmal w\u00f6chentlich statt. Die Teilnehmerzahl ist in jedem Schuljahr auf 10 Kinder begrenzt. W\u00e4hrend der Ausbildung trainieren die Kinder wichtige soziale Kompetenzen:<\/p>\n\n\n\n<ul class=\"wp-block-list\"><li>Gewaltfreie\nKommunikation <\/li><li>Unparteiisch\nzu sein<\/li><li>Sich\ngegenseitig zu helfen<\/li><li>Verantwortung\nzu \u00fcbernehmen<\/li><\/ul>\n","protected":false},"excerpt":{"rendered":"<p>Jedes Schuljahr werden Sch\u00fcler der dritten Klassen zu Streitschlichtern ausgebildet. Streitschlichter sind unparteiische Vermittler in Streitf\u00e4llen. In der Pause erkennt man sie an ihren gelben Westen. Sie helfen streitenden Kindern, [&hellip;]<\/p>\n","protected":false},"author":3,"featured_media":0,"parent":0,"menu_order":0,"comment_status":"closed","ping_status":"closed","template":"template-fullwidth.php","meta":{"_acf_changed":false,"footnotes":""},"class_list":["post-474","page","type-page","status-publish","hentry","post-preview"],"acf":[],"_links":{"self":[{"href":"https:\/\/staufenbergschule.de\/index.php\/wp-json\/wp\/v2\/pages\/474","targetHints":{"allow":["GET"]}}],"collection":[{"href":"https:\/\/staufenbergschule.de\/index.php\/wp-json\/wp\/v2\/pages"}],"about":[{"href":"https:\/\/staufenbergschule.de\/index.php\/wp-json\/wp\/v2\/types\/page"}],"author":[{"embeddable":true,"href":"https:\/\/staufenbergschule.de\/index.php\/wp-json\/wp\/v2\/users\/3"}],"replies":[{"embeddable":true,"href":"https:\/\/staufenbergschule.de\/index.php\/wp-json\/wp\/v2\/comments?post=474"}],"version-history":[{"count":1,"href":"https:\/\/staufenbergschule.de\/index.php\/wp-json\/wp\/v2\/pages\/474\/revisions"}],"predecessor-version":[{"id":475,"href":"https:\/\/staufenbergschule.de\/index.php\/wp-json\/wp\/v2\/pages\/474\/revisions\/475"}],"wp:attachment":[{"href":"https:\/\/staufenbergschule.de\/index.php\/wp-json\/wp\/v2\/media?parent=474"}],"curies":[{"name":"wp","href":"https:\/\/api.w.org\/{rel}","templated":true}]}}