{"id":491,"date":"2020-03-31T10:51:11","date_gmt":"2020-03-31T08:51:11","guid":{"rendered":"http:\/\/510578669.swh.strato-hosting.eu\/?page_id=491"},"modified":"2021-09-04T08:50:38","modified_gmt":"2021-09-04T06:50:38","slug":"wir","status":"publish","type":"page","link":"https:\/\/staufenbergschule.de\/index.php\/wir\/","title":{"rendered":"Eltern"},"content":{"rendered":"\n<p class=\"has-large-font-size\">Eltern und Schule sind Erziehungs- und Bildungspartner. Eine vertrauensvolle und wertsch\u00e4tzende Zusammenarbeit mit Ihnen schafft ein angenehmes Schulklima, in dem wir uns zum Wohl des Kindes unterst\u00fctzen und erg\u00e4nzen. Hier finden Sie auch wichtige Ansprechpartner, die Sie und Ihre Familie in Schule und Alltag gerne unterst\u00fctzen.<\/p>\n","protected":false},"excerpt":{"rendered":"<p>Eltern und Schule sind Erziehungs- und Bildungspartner. Eine vertrauensvolle und wertsch\u00e4tzende Zusammenarbeit mit Ihnen schafft ein angenehmes Schulklima, in dem wir uns zum Wohl des Kindes unterst\u00fctzen und erg\u00e4nzen. Hier [&hellip;]<\/p>\n","protected":false},"author":3,"featured_media":0,"parent":0,"menu_order":0,"comment_status":"closed","ping_status":"closed","template":"template-fullwidth.php","meta":{"_acf_changed":false,"footnotes":""},"class_list":["post-491","page","type-page","status-publish","hentry","post-preview"],"acf":[],"_links":{"self":[{"href":"https:\/\/staufenbergschule.de\/index.php\/wp-json\/wp\/v2\/pages\/491","targetHints":{"allow":["GET"]}}],"collection":[{"href":"https:\/\/staufenbergschule.de\/index.php\/wp-json\/wp\/v2\/pages"}],"about":[{"href":"https:\/\/staufenbergschule.de\/index.php\/wp-json\/wp\/v2\/types\/page"}],"author":[{"embeddable":true,"href":"https:\/\/staufenbergschule.de\/index.php\/wp-json\/wp\/v2\/users\/3"}],"replies":[{"embeddable":true,"href":"https:\/\/staufenbergschule.de\/index.php\/wp-json\/wp\/v2\/comments?post=491"}],"version-history":[{"count":6,"href":"https:\/\/staufenbergschule.de\/index.php\/wp-json\/wp\/v2\/pages\/491\/revisions"}],"predecessor-version":[{"id":1366,"href":"https:\/\/staufenbergschule.de\/index.php\/wp-json\/wp\/v2\/pages\/491\/revisions\/1366"}],"wp:attachment":[{"href":"https:\/\/staufenbergschule.de\/index.php\/wp-json\/wp\/v2\/media?parent=491"}],"curies":[{"name":"wp","href":"https:\/\/api.w.org\/{rel}","templated":true}]}}